{"id":33,"date":"2015-04-02T13:33:18","date_gmt":"2010-04-17T12:43:47","guid":{"rendered":"http:\/\/www.pbpkrasnystaw.pl\/?page_id=33"},"modified":"2015-04-02T13:33:18","modified_gmt":"2015-04-02T11:33:18","slug":"zadania","status":"publish","type":"page","link":"https:\/\/www.pbpkrasnystaw.pl\/?page_id=33","title":{"rendered":"Zadania"},"content":{"rendered":"<p style=\"text-align: justify;\"><span>B<\/span>iblioteka zapewnia obs\u0142ug\u0119  biblioteczn\u0105 mieszka\u0144com powiatu, s\u0142u\u017cy rozwijaniu i zaspokajaniu  potrzeb czytelniczych i informacyjnych jego mieszka\u0144c\u00f3w, s\u0142u\u017cy  upowszechnianiu wiedzy i nauki, rozwojowi kultury, dba o sprawne  funkcjonowanie sieci bibliotecznej i systemu informacyjnego na terenie  powiatu oraz prowadzi dzia\u0142alno\u015b\u0107 badawcz\u0105, popularyzatorsk\u0105 i  wydawnicz\u0105 w zakresie regionalizmu.<\/p>\n<p><span>D<\/span>o podstawowych zada\u0144 Biblioteki  nale\u017cy :<\/p>\n<ol type=\"1\">\n<li style=\"text-align: justify;\">Badanie potrzeb czytelnik\u00f3w, warunk\u00f3w i mo\u017cliwo\u015bci ich zaspokajania,<\/li>\n<li style=\"text-align: justify;\">Zakup, gromadzenie i opracowywanie materia\u0142\u00f3w bibliotecznych  s\u0142u\u017c\u0105cych zaspokajaniu potrzeb informacyjnych, edukacyjnych i  samokszta\u0142ceniowych oraz rozwijaniu czytelnictwa, zw\u0142aszcza dzieci i  m\u0142odzie\u017cy,<\/li>\n<li style=\"text-align: justify;\">Udost\u0119pnianie zbior\u00f3w na miejscu, wypo\u017cyczanie na zewn\u0105trz,  prowadzenie wymiany mi\u0119dzybibliotecznej,<\/li>\n<li style=\"text-align: justify;\">Pe\u0142nienie funkcji o\u015brodka informacji biblioteczno-bibliograficznej  oraz opracowywanie i publikowanie bibliografii regionalnej, a tak\u017ce  innych materia\u0142\u00f3w informacyjnych, zw\u0142aszcza dokumentuj\u0105cych dorobek  kulturalny, naukowy i gospodarczy regionu,<\/li>\n<li style=\"text-align: justify;\">Organizowanie czytelnictwa i udost\u0119pnianie zbior\u00f3w bibliotecznych  ludziom chorym i\u00a0niepe\u0142nosprawnym,<\/li>\n<li style=\"text-align: justify;\">Tworzenie i udost\u0119pnianie w\u0142asnych komputerowych baz danych :  katalogowych, bibliograficznych i faktograficznych,<\/li>\n<li style=\"text-align: justify;\">Pomoc innym bibliotekom w zakresie komputeryzacji, konsultacji przy  zakupie sprz\u0119tu, doborze program\u00f3w, tworzeniu baz danych,<\/li>\n<li style=\"text-align: justify;\">Koordynacja dzia\u0142alno\u015bci us\u0142ugowej bibliotek w zakresie  udost\u0119pniania literatury pi\u0119knej, naukowej, popularnonaukowej,  literatury dla dzieci i m\u0142odzie\u017cy oraz zbior\u00f3w specjalnych,<\/li>\n<li style=\"text-align: justify;\">Organizacja szkole\u0144 i doskonalenia zawodowego oraz praktyk wst\u0119pnych  pracownik\u00f3w bibliotek, opracowywanie, opiniowanie i rozpowszechnianie  pomocy ( materia\u0142\u00f3w) metodycznych,<\/li>\n<li style=\"text-align: justify;\">Udzielanie pomocy instrukcyjno-metodycznej i szkoleniowej oraz  sprawowanie nadzoru merytorycznego nad prawid\u0142owym realizowaniem przez  sie\u0107 bibliotek zada\u0144 statutowych,<\/li>\n<li style=\"text-align: justify;\">Prowadzenie r\u00f3\u017cnorodnych form pracy z czytelnikiem, s\u0142u\u017c\u0105cych  popularyzowaniu ksi\u0105\u017cki i\u00a0czytelnictwa oraz upowszechnianiu dorobku  kulturalnego regionu,<\/li>\n<li style=\"text-align: justify;\">Wsp\u00f3\u0142dzia\u0142anie z bibliotekami innych sieci, instytucjami i  organizacjami w zakresie rozwoju czytelnictwa i zaspokajania potrzeb  o\u015bwiatowych i kulturalnych mieszka\u0144c\u00f3w powiatu krasnostawskiego.<\/li>\n<\/ol>\n<p><span>N<\/span>aszym celem jest :<\/p>\n<ol type=\"1\">\n<li style=\"text-align: justify;\">Dostarczanie czytelnikom aktualnych, efektywnych us\u0142ug i \u017ar\u00f3de\u0142  biblioteczno-informacyjnych wysokiej jako\u015bci, zgodnych z obowi\u0105zuj\u0105cymi  standardami technologii informacyjnych, w\u00a0odpowiedni spos\u00f3b i dogodnie  zlokalizowanych, zgodnie z potrzebami i wymaganiami.<\/li>\n<li style=\"text-align: justify;\">Gromadzenie i utrzymywanie wysokiej jako\u015bci zbior\u00f3w, kt\u00f3re  odzwierciedlaj\u0105 potrzeby u\u017cytkownik\u00f3w oraz  wype\u0142niaj\u0105 misj\u0119 Biblioteki.<\/li>\n<li style=\"text-align: justify;\">Stworzenie z Bibliotek elastycznej organizacji, podatnej na zmiany i  ukierunkowanej na potrzeby u\u017cytkownika, zarz\u0105dzanej przez jako\u015b\u0107.<\/li>\n<li style=\"text-align: justify;\">Efektywne zarz\u0105dzanie \u015brodkami finansowymi i aktywne poszukiwanie  dodatkowych \u017ar\u00f3de\u0142 finansowania dzia\u0142alno\u015bci bibliotecznej.<\/li>\n<li style=\"text-align: justify;\">Kszta\u0142cenie u\u017cytkownik\u00f3w w zakresie korzystania z Biblioteki i  \u017ar\u00f3de\u0142 informacji w celu wykorzystania nabytych umiej\u0119tno\u015bci w dalszym  kszta\u0142ceniu i doskonaleniu zawodowym.<\/li>\n<li>Rozw\u00f3j wsp\u00f3\u0142pracy z innymi Bibliotekami.<\/li>\n<li style=\"text-align: justify;\">Tworzenie najlepszego wizerunku i presti\u017cu Biblioteki w \u015brodowisku  wewn\u0119trznym i zewn\u0119trznym poprzez aktywne promowanie mo\u017cliwo\u015bci i us\u0142ug  bibliotecznych.<\/li>\n<li style=\"text-align: justify;\">Monitorowanie dostarczania i wykorzystania zbior\u00f3w oraz us\u0142ug  bibliotecznych.<\/li>\n<\/ol>\n","protected":false},"excerpt":{"rendered":"<p>Biblioteka zapewnia obs\u0142ug\u0119 biblioteczn\u0105 mieszka\u0144com powiatu, s\u0142u\u017cy rozwijaniu i zaspokajaniu potrzeb czytelniczych i informacyjnych jego mieszka\u0144c\u00f3w, s\u0142u\u017cy upowszechnianiu wiedzy i nauki, rozwojowi kultury, dba o sprawne funkcjonowanie sieci bibliotecznej i systemu informacyjnego na terenie powiatu oraz prowadzi dzia\u0142alno\u015b\u0107 badawcz\u0105, popularyzatorsk\u0105 i wydawnicz\u0105 w zakresie regionalizmu. Do podstawowych zada\u0144 Biblioteki nale\u017cy : Badanie potrzeb czytelnik\u00f3w, warunk\u00f3w i mo\u017cliwo\u015bci ich zaspokajania, Zakup, gromadzenie i opracowywanie materia\u0142\u00f3w bibliotecznych s\u0142u\u017c\u0105cych zaspokajaniu potrzeb informacyjnych, edukacyjnych i samokszta\u0142ceniowych oraz rozwijaniu czytelnictwa, zw\u0142aszcza dzieci i m\u0142odzie\u017cy, Udost\u0119pnianie zbior\u00f3w na miejscu, wypo\u017cyczanie na zewn\u0105trz, prowadzenie wymiany mi\u0119dzybibliotecznej, Pe\u0142nienie funkcji o\u015brodka informacji biblioteczno-bibliograficznej oraz opracowywanie i publikowanie bibliografii regionalnej, a tak\u017ce innych materia\u0142\u00f3w informacyjnych, zw\u0142aszcza dokumentuj\u0105cych dorobek kulturalny, naukowy i gospodarczy regionu, Organizowanie czytelnictwa i udost\u0119pnianie zbior\u00f3w bibliotecznych ludziom chorym i\u00a0niepe\u0142nosprawnym, Tworzenie i udost\u0119pnianie w\u0142asnych komputerowych baz danych : katalogowych, bibliograficznych i faktograficznych, Pomoc innym bibliotekom w zakresie komputeryzacji, konsultacji przy zakupie sprz\u0119tu, doborze program\u00f3w, tworzeniu baz danych, Koordynacja dzia\u0142alno\u015bci us\u0142ugowej bibliotek w zakresie udost\u0119pniania literatury pi\u0119knej, naukowej, popularnonaukowej, literatury dla dzieci i m\u0142odzie\u017cy oraz zbior\u00f3w specjalnych, Organizacja szkole\u0144 i doskonalenia zawodowego oraz praktyk wst\u0119pnych pracownik\u00f3w bibliotek, opracowywanie, opiniowanie i rozpowszechnianie pomocy ( materia\u0142\u00f3w) metodycznych, Udzielanie pomocy instrukcyjno-metodycznej i szkoleniowej oraz sprawowanie nadzoru merytorycznego nad prawid\u0142owym realizowaniem przez sie\u0107 bibliotek zada\u0144 statutowych, Prowadzenie r\u00f3\u017cnorodnych form pracy z czytelnikiem, s\u0142u\u017c\u0105cych popularyzowaniu ksi\u0105\u017cki i\u00a0czytelnictwa oraz upowszechnianiu dorobku kulturalnego regionu, Wsp\u00f3\u0142dzia\u0142anie z bibliotekami innych sieci, instytucjami i organizacjami w zakresie rozwoju czytelnictwa i zaspokajania potrzeb o\u015bwiatowych i kulturalnych mieszka\u0144c\u00f3w powiatu krasnostawskiego. Naszym celem jest : Dostarczanie czytelnikom aktualnych, efektywnych us\u0142ug i \u017ar\u00f3de\u0142 biblioteczno-informacyjnych wysokiej jako\u015bci, zgodnych z obowi\u0105zuj\u0105cymi standardami technologii informacyjnych, w\u00a0odpowiedni spos\u00f3b i dogodnie zlokalizowanych, zgodnie z potrzebami i wymaganiami. Gromadzenie i utrzymywanie wysokiej jako\u015bci zbior\u00f3w, kt\u00f3re odzwierciedlaj\u0105 potrzeby u\u017cytkownik\u00f3w oraz wype\u0142niaj\u0105 misj\u0119 Biblioteki. Stworzenie z Bibliotek elastycznej organizacji, podatnej na zmiany i ukierunkowanej na potrzeby u\u017cytkownika, zarz\u0105dzanej przez jako\u015b\u0107. Efektywne zarz\u0105dzanie \u015brodkami finansowymi i aktywne poszukiwanie dodatkowych \u017ar\u00f3de\u0142 finansowania dzia\u0142alno\u015bci bibliotecznej. Kszta\u0142cenie u\u017cytkownik\u00f3w w zakresie korzystania z Biblioteki i \u017ar\u00f3de\u0142 informacji w celu wykorzystania nabytych umiej\u0119tno\u015bci w dalszym kszta\u0142ceniu i doskonaleniu zawodowym. Rozw\u00f3j wsp\u00f3\u0142pracy z innymi Bibliotekami. Tworzenie najlepszego wizerunku i presti\u017cu Biblioteki w \u015brodowisku wewn\u0119trznym i zewn\u0119trznym poprzez aktywne promowanie mo\u017cliwo\u015bci i us\u0142ug bibliotecznych. Monitorowanie dostarczania i wykorzystania zbior\u00f3w oraz us\u0142ug bibliotecznych.<\/p>\n","protected":false},"author":2,"featured_media":0,"parent":5,"menu_order":2,"comment_status":"closed","ping_status":"open","template":"onecolumn-page.php","meta":{"footnotes":""},"class_list":["post-33","page","type-page","status-publish","hentry"],"_links":{"self":[{"href":"https:\/\/www.pbpkrasnystaw.pl\/index.php?rest_route=\/wp\/v2\/pages\/33","targetHints":{"allow":["GET"]}}],"collection":[{"href":"https:\/\/www.pbpkrasnystaw.pl\/index.php?rest_route=\/wp\/v2\/pages"}],"about":[{"href":"https:\/\/www.pbpkrasnystaw.pl\/index.php?rest_route=\/wp\/v2\/types\/page"}],"author":[{"embeddable":true,"href":"https:\/\/www.pbpkrasnystaw.pl\/index.php?rest_route=\/wp\/v2\/users\/2"}],"replies":[{"embeddable":true,"href":"https:\/\/www.pbpkrasnystaw.pl\/index.php?rest_route=%2Fwp%2Fv2%2Fcomments&post=33"}],"version-history":[{"count":1,"href":"https:\/\/www.pbpkrasnystaw.pl\/index.php?rest_route=\/wp\/v2\/pages\/33\/revisions"}],"predecessor-version":[{"id":3803,"href":"https:\/\/www.pbpkrasnystaw.pl\/index.php?rest_route=\/wp\/v2\/pages\/33\/revisions\/3803"}],"up":[{"embeddable":true,"href":"https:\/\/www.pbpkrasnystaw.pl\/index.php?rest_route=\/wp\/v2\/pages\/5"}],"wp:attachment":[{"href":"https:\/\/www.pbpkrasnystaw.pl\/index.php?rest_route=%2Fwp%2Fv2%2Fmedia&parent=33"}],"curies":[{"name":"wp","href":"https:\/\/api.w.org\/{rel}","templated":true}]}}