{"id":35,"date":"2010-08-11T09:48:03","date_gmt":"2010-04-17T12:44:38","guid":{"rendered":"http:\/\/www.pbpkrasnystaw.pl\/?page_id=35"},"modified":"2024-08-19T14:41:31","modified_gmt":"2024-08-19T12:41:31","slug":"struktura","status":"publish","type":"page","link":"https:\/\/www.pbpkrasnystaw.pl\/?page_id=35","title":{"rendered":"Struktura"},"content":{"rendered":"<p><img loading=\"lazy\" decoding=\"async\" class=\"alignleft size-full wp-image-1867\" title=\"El\u017cbieta Patyk\" src=\"https:\/\/www.pbpkrasnystaw.pl\/wp-content\/uploads\/2010\/08\/EP2.jpg\" alt=\"\" width=\"192\" height=\"288\"><\/p>\n<p>Dyrektor : El\u017cbieta Patyk<br \/>\ntel.\/fax : &nbsp; 82 576-19-28<\/p>\n<table border=\"1\" width=\"100%\" cellpadding=\"0\">\n<tbody>\n<tr>\n<td><strong>Dzia\u0142<\/strong><\/td>\n<td><strong>Imi\u0119 i nazwisko<\/strong><\/td>\n<td><strong>Stanowisko<\/strong><\/td>\n<td><strong>Telefon<\/strong><\/td>\n<\/tr>\n<tr>\n<td bgcolor=\"#fafafa\">Gromadzenia<br \/>\ni opracowania<br \/>\nzbior\u00f3w<\/td>\n<td bgcolor=\"#fafafa\">Iwona Gruszczy\u0144ska<\/td>\n<td bgcolor=\"#fafafa\">Starszy kustosz<\/td>\n<td bgcolor=\"#fafafa\"><span class=\"skype_c2c_print_container notranslate\">(82) 576-25-09<\/span><span id=\"skype_c2c_container\" class=\"skype_c2c_container notranslate\" dir=\"ltr\"><span class=\"skype_c2c_highlighting_inactive_common\" dir=\"ltr\"><span id=\"non_free_num_ui\" class=\"skype_c2c_textarea_span\"><img loading=\"lazy\" decoding=\"async\" class=\"skype_c2c_logo_img\" src=\"resource:\/\/skype_ff_extension-at-jetpack\/skype_ff_extension\/data\/call_skype_logo.png\" alt=\"\" width=\"0\" height=\"0\"> <\/span><\/span><\/span><\/td>\n<\/tr>\n<tr>\n<td>Wypo\u017cyczalnia<\/td>\n<td>El\u017cbieta Furtak<\/td>\n<td>Bibliotekarz<\/td>\n<td><span class=\"skype_c2c_print_container notranslate\">(82) 576-25-09<\/span><span id=\"skype_c2c_container\" class=\"skype_c2c_container notranslate\" dir=\"ltr\"><span class=\"skype_c2c_highlighting_inactive_common\" dir=\"ltr\"><span id=\"non_free_num_ui\" class=\"skype_c2c_textarea_span\"><img loading=\"lazy\" decoding=\"async\" class=\"skype_c2c_logo_img\" src=\"resource:\/\/skype_ff_extension-at-jetpack\/skype_ff_extension\/data\/call_skype_logo.png\" alt=\"\" width=\"0\" height=\"0\"> <\/span><\/span><\/span><\/td>\n<\/tr>\n<tr>\n<td>Czytelnia<\/td>\n<td>Dorota Korkosz<\/td>\n<td>Starszy kustosz<\/td>\n<td><span class=\"skype_c2c_print_container notranslate\">(82) 576-25-09<\/span><span id=\"skype_c2c_container\" class=\"skype_c2c_container notranslate\" dir=\"ltr\"><span class=\"skype_c2c_highlighting_inactive_common\" dir=\"ltr\"><span id=\"non_free_num_ui\" class=\"skype_c2c_textarea_span\"><img loading=\"lazy\" decoding=\"async\" class=\"skype_c2c_logo_img\" src=\"resource:\/\/skype_ff_extension-at-jetpack\/skype_ff_extension\/data\/call_skype_logo.png\" alt=\"\" width=\"0\" height=\"0\"> <\/span><\/span><\/span><\/td>\n<\/tr>\n<tr>\n<td>Instrukcyjno-<br \/>\nMetodyczny<\/td>\n<td>Joanna Radziszewska<\/td>\n<td>Starszy Kustosz &#8211; instruktor<\/td>\n<td><span class=\"skype_c2c_print_container notranslate\">(82) 576-25-09<\/span><span id=\"skype_c2c_container\" class=\"skype_c2c_container notranslate\" dir=\"ltr\"><span class=\"skype_c2c_highlighting_inactive_common\" dir=\"ltr\"><span id=\"non_free_num_ui\" class=\"skype_c2c_textarea_span\"><img loading=\"lazy\" decoding=\"async\" class=\"skype_c2c_logo_img\" src=\"resource:\/\/skype_ff_extension-at-jetpack\/skype_ff_extension\/data\/call_skype_logo.png\" alt=\"\" width=\"0\" height=\"0\"> <\/span><\/span><\/span><\/td>\n<\/tr>\n<tr>\n<td>Administracja<br \/>\ni Obs\u0142uga<\/td>\n<td>Magdalena Sobstyl<br \/>\nBarbara Pieczykolan<\/td>\n<td>G\u0142\u00f3wna ksi\u0119gowa, Pracownik gospodarczy<\/td>\n<td><span class=\"skype_c2c_print_container notranslate\">(82) 576-19-28<\/span><span id=\"skype_c2c_container\" class=\"skype_c2c_container notranslate\" dir=\"ltr\"><span class=\"skype_c2c_highlighting_inactive_common\" dir=\"ltr\"><span id=\"non_free_num_ui\" class=\"skype_c2c_textarea_span\"><img loading=\"lazy\" decoding=\"async\" class=\"skype_c2c_logo_img\" src=\"resource:\/\/skype_ff_extension-at-jetpack\/skype_ff_extension\/data\/call_skype_logo.png\" alt=\"\" width=\"0\" height=\"0\"><span class=\"skype_c2c_text_span\"><br \/>\n<\/span><\/span><\/span><\/span><\/td>\n<\/tr>\n<\/tbody>\n<\/table>\n<p>Pracownicy :<br \/>\n&#8211;&nbsp; &nbsp;&nbsp;&nbsp; &nbsp;s\u0105 do\u015bwiadczeni, zaanga\u017cowani w prac\u0119, komunikatywni,<br \/>\n&#8211;&nbsp; &nbsp;&nbsp;&nbsp; &nbsp;wykwalifikowani,<br \/>\n&#8211;&nbsp; &nbsp;&nbsp;&nbsp; &nbsp;podnosz\u0105 swoje kwalifikacje i umiej\u0119tno\u015bci (studia podyplomowe, kursy, samokszta\u0142cenie),<br \/>\n&#8211;&nbsp; &nbsp;&nbsp;&nbsp; &nbsp;s\u0105 kompetentni i \u017cyczliwi,<br \/>\n&#8211;&nbsp; &nbsp;&nbsp;&nbsp; &nbsp;nastawieni na zaspokajanie potrzeb czytelniczych i informacyjnych u\u017cytkownik\u00f3w,<br \/>\n&#8211;&nbsp; &nbsp;&nbsp;&nbsp; &nbsp;otwarci na wprowadzanie zmian, na propozycje oraz oczekiwania czytelnik\u00f3w,<br \/>\n&#8211;&nbsp; &nbsp;&nbsp;&nbsp; &nbsp;d\u0105\u017c\u0105cy do tego, aby wszyscy czytelnicy byli usatysfakcjonowani udzielon\u0105 informacj\u0105 i form\u0105 obs\u0142ugi,<br \/>\n&#8211;&nbsp; &nbsp;&nbsp;&nbsp; &nbsp;udost\u0119pniaj\u0105 materia\u0142y biblioteczne,<br \/>\n&#8211;&nbsp; &nbsp;&nbsp;&nbsp; &nbsp;informuj\u0105 o zbiorach, ucz\u0105, jak korzysta\u0107 z bibliotecznych katalog\u00f3w,<br \/>\n&#8211;&nbsp; &nbsp;&nbsp;&nbsp; &nbsp;pomagaj\u0105 w doborze literatury, popularyzuj\u0105 zgromadzone w Bibliotece wydawnictw,<br \/>\n&#8211;&nbsp; &nbsp;&nbsp;&nbsp; &nbsp;oferuj\u0105 telefoniczn\u0105 informacj\u0119 o zbiorach,<br \/>\n&#8211;&nbsp; &nbsp;&nbsp;&nbsp; &nbsp;rezerwuj\u0105 ksi\u0105\u017cki oraz przyjmuj\u0105 zam\u00f3wienia.<\/p>\n<div id=\"skype_c2c_menu_container\" class=\"skype_c2c_menu_container notranslate\" style=\"display: none;\">\n<div class=\"skype_c2c_menu_click2call\"><a id=\"skype_c2c_menu_click2call_action\" class=\"skype_c2c_menu_click2call_action\" target=\"_self\" rel=\"noopener\"><\/a>Call<\/div>\n<div class=\"skype_c2c_menu_click2sms\"><a id=\"skype_c2c_menu_click2sms_action\" class=\"skype_c2c_menu_click2sms_action\" target=\"_self\" rel=\"noopener\"><\/a>Send SMS<\/div>\n<div class=\"skype_c2c_menu_add2skype\"><a id=\"skype_c2c_menu_add2skype_text\" class=\"skype_c2c_menu_add2skype_text\" target=\"_self\" rel=\"noopener\"><\/a>Add to Skype<\/div>\n<div class=\"skype_c2c_menu_toll_info\"><span class=\"skype_c2c_menu_toll_callcredit\">You&#8217;ll need Skype Credit<\/span><span class=\"skype_c2c_menu_toll_free\">Free via Skype<\/span><\/div>\n<\/div>\n","protected":false},"excerpt":{"rendered":"<p>Dyrektor : El\u017cbieta Patyk tel.\/fax : &nbsp; 82 576-19-28 Dzia\u0142 Imi\u0119 i nazwisko Stanowisko Telefon Gromadzenia i opracowania zbior\u00f3w Iwona Gruszczy\u0144ska Starszy kustosz (82) 576-25-09 Wypo\u017cyczalnia El\u017cbieta Furtak Bibliotekarz (82) 576-25-09 Czytelnia Dorota Korkosz Starszy kustosz (82) 576-25-09 Instrukcyjno- Metodyczny Joanna Radziszewska Starszy Kustosz &#8211; instruktor (82) 576-25-09 Administracja i Obs\u0142uga Magdalena Sobstyl Barbara Pieczykolan G\u0142\u00f3wna ksi\u0119gowa, Pracownik gospodarczy (82) 576-19-28 Pracownicy : &#8211;&nbsp; &nbsp;&nbsp;&nbsp; &nbsp;s\u0105 do\u015bwiadczeni, zaanga\u017cowani w prac\u0119, komunikatywni, &#8211;&nbsp; &nbsp;&nbsp;&nbsp; &nbsp;wykwalifikowani, &#8211;&nbsp; &nbsp;&nbsp;&nbsp; &nbsp;podnosz\u0105 swoje kwalifikacje i umiej\u0119tno\u015bci (studia podyplomowe, kursy, samokszta\u0142cenie), &#8211;&nbsp; &nbsp;&nbsp;&nbsp; &nbsp;s\u0105 kompetentni i \u017cyczliwi, &#8211;&nbsp; &nbsp;&nbsp;&nbsp; &nbsp;nastawieni na zaspokajanie potrzeb czytelniczych i informacyjnych u\u017cytkownik\u00f3w, &#8211;&nbsp; &nbsp;&nbsp;&nbsp; &nbsp;otwarci na wprowadzanie zmian, na propozycje oraz oczekiwania czytelnik\u00f3w, &#8211;&nbsp; &nbsp;&nbsp;&nbsp; &nbsp;d\u0105\u017c\u0105cy do tego, aby wszyscy czytelnicy byli usatysfakcjonowani udzielon\u0105 informacj\u0105 i form\u0105 obs\u0142ugi, &#8211;&nbsp; &nbsp;&nbsp;&nbsp; &nbsp;udost\u0119pniaj\u0105 materia\u0142y biblioteczne, &#8211;&nbsp; &nbsp;&nbsp;&nbsp; &nbsp;informuj\u0105 o zbiorach, ucz\u0105, jak korzysta\u0107 z bibliotecznych katalog\u00f3w, &#8211;&nbsp; &nbsp;&nbsp;&nbsp; &nbsp;pomagaj\u0105 w doborze literatury, popularyzuj\u0105 zgromadzone w Bibliotece wydawnictw, &#8211;&nbsp; &nbsp;&nbsp;&nbsp; &nbsp;oferuj\u0105 telefoniczn\u0105 informacj\u0119 o zbiorach, &#8211;&nbsp; &nbsp;&nbsp;&nbsp; &nbsp;rezerwuj\u0105 ksi\u0105\u017cki oraz przyjmuj\u0105 zam\u00f3wienia. Call Send SMS Add to Skype You&#8217;ll need Skype CreditFree via Skype<\/p>\n","protected":false},"author":2,"featured_media":0,"parent":5,"menu_order":3,"comment_status":"closed","ping_status":"open","template":"onecolumn-page.php","meta":{"footnotes":""},"class_list":["post-35","page","type-page","status-publish","hentry"],"_links":{"self":[{"href":"https:\/\/www.pbpkrasnystaw.pl\/index.php?rest_route=\/wp\/v2\/pages\/35","targetHints":{"allow":["GET"]}}],"collection":[{"href":"https:\/\/www.pbpkrasnystaw.pl\/index.php?rest_route=\/wp\/v2\/pages"}],"about":[{"href":"https:\/\/www.pbpkrasnystaw.pl\/index.php?rest_route=\/wp\/v2\/types\/page"}],"author":[{"embeddable":true,"href":"https:\/\/www.pbpkrasnystaw.pl\/index.php?rest_route=\/wp\/v2\/users\/2"}],"replies":[{"embeddable":true,"href":"https:\/\/www.pbpkrasnystaw.pl\/index.php?rest_route=%2Fwp%2Fv2%2Fcomments&post=35"}],"version-history":[{"count":6,"href":"https:\/\/www.pbpkrasnystaw.pl\/index.php?rest_route=\/wp\/v2\/pages\/35\/revisions"}],"predecessor-version":[{"id":13619,"href":"https:\/\/www.pbpkrasnystaw.pl\/index.php?rest_route=\/wp\/v2\/pages\/35\/revisions\/13619"}],"up":[{"embeddable":true,"href":"https:\/\/www.pbpkrasnystaw.pl\/index.php?rest_route=\/wp\/v2\/pages\/5"}],"wp:attachment":[{"href":"https:\/\/www.pbpkrasnystaw.pl\/index.php?rest_route=%2Fwp%2Fv2%2Fmedia&parent=35"}],"curies":[{"name":"wp","href":"https:\/\/api.w.org\/{rel}","templated":true}]}}