{"id":45,"date":"2010-08-02T10:36:23","date_gmt":"2010-04-17T12:47:39","guid":{"rendered":"http:\/\/www.pbpkrasnystaw.pl\/?page_id=45"},"modified":"2025-03-12T13:02:32","modified_gmt":"2025-03-12T12:02:32","slug":"czytelnia","status":"publish","type":"page","link":"https:\/\/www.pbpkrasnystaw.pl\/?page_id=45","title":{"rendered":"Czytelnia"},"content":{"rendered":"<p style=\"text-align: justify;\">Czynna: poniedzia\u0142ek, wtorek, czwartek, pi\u0105tek\u00a0 9.00-17.00,\u00a0 \u015broda 9.00-16.00, w soboty nieczynna<\/p>\n<p>Starszy kustosz : Dorota Korkosz<\/p>\n<p style=\"text-align: left;\">e-mail : wypozyczalnia@pbpkrasnystaw.pl<br \/>tel: 82 576 2509<\/p>\n<p style=\"text-align: justify;\">\u2022 \u00a0 Dysponuje 12 miejscami dla czytelnik\u00f3w.<br \/>\u2022\u00a0 Mog\u0105 z niej korzysta\u0107 wszyscy zainteresowani czytelnicy, tak\u017ce osoby nie zarejestrowane w Wypo\u017cyczalni.<\/p>\n<p>Czytelnia udost\u0119pnia na miejscu :<br \/>\u2022\u00a0 \u00a0\u00a0\u00a0 \u00a0Ksi\u0119gozbi\u00f3r naukowy i popularnonaukowy z r\u00f3\u017cnych dziedzin wiedzy<br \/>\u2022\u00a0 \u00a0\u00a0\u00a0 \u00a0Encyklopedie uniwersalne<br \/>\u2022\u00a0 \u00a0\u00a0\u00a0 \u00a0Encyklopedie i s\u0142owniki dziedzinowe<br \/>\u2022\u00a0 \u00a0\u00a0\u00a0 \u00a0S\u0142owniki j\u0119zykowe<br \/>\u2022\u00a0 \u00a0\u00a0\u00a0 \u00a0Podr\u0119czniki akademickie<br \/>\u2022\u00a0 \u00a0\u00a0\u00a0 \u00a0Publikacje dotycz\u0105ce Unii Europejskiej<br \/>\u2022\u00a0 \u00a0\u00a0\u00a0 \u00a0Bibliografie<br \/>\u2022\u00a0 \u00a0\u00a0\u00a0 \u00a0Informatory statystyczne<br \/>\u2022\u00a0 \u00a0\u00a0\u00a0 \u00a0Monografie ze wszystkich dziedzin wiedzy<br \/>\u2022\u00a0 \u00a0\u00a0\u00a0 \u00a0Albumy<br \/>\u2022\u00a0 \u00a0\u00a0\u00a0 \u00a0Reprinty<\/p>\n<p>Czytelnia oferuje czasopisma, kt\u00f3re wypo\u017cyczamy do domu na dwa dni.<\/p>\n<ol>\n<li><span style=\"color: #ff0000;\"><span style=\"color: #000000;\">Biblioteka Publiczna<\/span><br \/><\/span><\/li>\n<li>Biblioteka w Szkole<\/li>\n<li>Dziennik Wschodni<\/li>\n<li><span style=\"color: #ff0000;\"><span style=\"color: #000000;\">Go\u015b\u0107 Niedzielny<\/span> <\/span><\/li>\n<li>Nestor<\/li>\n<li>Nowy Tydzie\u0144. Powiat Krasnostawski<\/li>\n<li>Poradnik Bibliotekarza<\/li>\n<li>Poradnik Instytucji Kultury<\/li>\n<li>Super Tydzie\u0144 w Krasnymstawie<\/li>\n<li><span style=\"color: #000000;\">Tygodnik Zamojski<\/span><\/li>\n<li>Wychowawca<\/li>\n<\/ol>\n<p style=\"text-align: justify;\">\u2022 Materia\u0142y repertuarowe <\/p>\n<p style=\"text-align: justify;\">\u2022 Teczki tematyczne <\/p>\n<p style=\"text-align: justify;\">\u2022 Zestawienia bibliograficzne <\/p>\n<p style=\"text-align: justify;\">\u2022 Lekcje biblioteczne dla uczni\u00f3w i grup zorganizowanych pod opiek\u0105 nauczyciela po uprzednim zg\u0142oszeniu<\/p>\n<p style=\"text-align: justify;\">\u2022\u00a0 Wypo\u017cyczanie mi\u0119dzybiblioteczne :<br \/>W przypadku braku w Bibliotece jakiej\u015b pozycji, czytelnia sprowadza na zam\u00f3wienie czytelnika potrzebne ksi\u0105\u017cki z innych bibliotek w kraju. Zamawiaj\u0105cy ponosi koszt przesy\u0142ek.<\/p>\n<p>Us\u0142ugi informacyjne \u015bwiadczone na rzecz u\u017cytkownik\u00f3w :<\/p>\n<p style=\"padding-left: 30px; text-align: justify;\">&#8211; Pomoc w poszukiwaniu pi\u015bmiennictwa na okre\u015blony temat<br \/>&#8211; Uzyskiwanie wiadomo\u015bci dotycz\u0105cych fakt\u00f3w historycznych, wydarze\u0144 literackich, politycznych<br \/>&#8211; Udzielanie indywidualnych informacji bibliotecznych, bibliograficznych, rzeczowych, tekstowych<br \/>&#8211; Udzielanie rzeczowej i bibliograficznej informacji o regionie<br \/>&#8211; Uzupe\u0142nianie brakuj\u0105cych danych bibliograficznych ksi\u0105\u017cek i czasopism<br \/>&#8211; Szkolenie u\u017cytkownik\u00f3w informacji i czytelnik\u00f3w nt. zasad korzystania ze zbior\u00f3w bibliotecznych, umiej\u0119tno\u015bci pos\u0142ugiwania si\u0119 katalogami, bibliografiami, bazami komputerowymi.<\/p>\n<p style=\"text-align: left;\">\u00a0<\/p>\n\n\n<figure class=\"wp-block-gallery has-nested-images columns-default is-cropped wp-block-gallery-1 is-layout-flex wp-block-gallery-is-layout-flex\">\n<figure class=\"wp-block-image size-large\"><img loading=\"lazy\" decoding=\"async\" width=\"566\" height=\"800\" data-id=\"15720\" src=\"https:\/\/www.pbpkrasnystaw.pl\/wp-content\/uploads\/2025\/03\/Regulamin-BIBLIOTEKI-aktalny-stan-na-03.2025-1-3-566x800.jpg\" alt=\"\" class=\"wp-image-15720\" srcset=\"https:\/\/www.pbpkrasnystaw.pl\/wp-content\/uploads\/2025\/03\/Regulamin-BIBLIOTEKI-aktalny-stan-na-03.2025-1-3-566x800.jpg 566w, https:\/\/www.pbpkrasnystaw.pl\/wp-content\/uploads\/2025\/03\/Regulamin-BIBLIOTEKI-aktalny-stan-na-03.2025-1-3-177x250.jpg 177w, https:\/\/www.pbpkrasnystaw.pl\/wp-content\/uploads\/2025\/03\/Regulamin-BIBLIOTEKI-aktalny-stan-na-03.2025-1-3-768x1086.jpg 768w, https:\/\/www.pbpkrasnystaw.pl\/wp-content\/uploads\/2025\/03\/Regulamin-BIBLIOTEKI-aktalny-stan-na-03.2025-1-3-1086x1536.jpg 1086w, https:\/\/www.pbpkrasnystaw.pl\/wp-content\/uploads\/2025\/03\/Regulamin-BIBLIOTEKI-aktalny-stan-na-03.2025-1-3-1448x2048.jpg 1448w, https:\/\/www.pbpkrasnystaw.pl\/wp-content\/uploads\/2025\/03\/Regulamin-BIBLIOTEKI-aktalny-stan-na-03.2025-1-3-1140x1612.jpg 1140w, https:\/\/www.pbpkrasnystaw.pl\/wp-content\/uploads\/2025\/03\/Regulamin-BIBLIOTEKI-aktalny-stan-na-03.2025-1-3.jpg 1654w\" sizes=\"auto, (max-width: 566px) 100vw, 566px\" \/><\/figure>\n\n\n\n<figure class=\"wp-block-image size-large\"><img loading=\"lazy\" decoding=\"async\" width=\"566\" height=\"800\" data-id=\"15721\" src=\"https:\/\/www.pbpkrasnystaw.pl\/wp-content\/uploads\/2025\/03\/Regulamin-BIBLIOTEKI-aktalny-stan-na-03.2025-2-3-566x800.jpg\" alt=\"\" class=\"wp-image-15721\" srcset=\"https:\/\/www.pbpkrasnystaw.pl\/wp-content\/uploads\/2025\/03\/Regulamin-BIBLIOTEKI-aktalny-stan-na-03.2025-2-3-566x800.jpg 566w, https:\/\/www.pbpkrasnystaw.pl\/wp-content\/uploads\/2025\/03\/Regulamin-BIBLIOTEKI-aktalny-stan-na-03.2025-2-3-177x250.jpg 177w, https:\/\/www.pbpkrasnystaw.pl\/wp-content\/uploads\/2025\/03\/Regulamin-BIBLIOTEKI-aktalny-stan-na-03.2025-2-3-768x1086.jpg 768w, https:\/\/www.pbpkrasnystaw.pl\/wp-content\/uploads\/2025\/03\/Regulamin-BIBLIOTEKI-aktalny-stan-na-03.2025-2-3-1086x1536.jpg 1086w, https:\/\/www.pbpkrasnystaw.pl\/wp-content\/uploads\/2025\/03\/Regulamin-BIBLIOTEKI-aktalny-stan-na-03.2025-2-3-1448x2048.jpg 1448w, https:\/\/www.pbpkrasnystaw.pl\/wp-content\/uploads\/2025\/03\/Regulamin-BIBLIOTEKI-aktalny-stan-na-03.2025-2-3-1140x1612.jpg 1140w, https:\/\/www.pbpkrasnystaw.pl\/wp-content\/uploads\/2025\/03\/Regulamin-BIBLIOTEKI-aktalny-stan-na-03.2025-2-3.jpg 1654w\" sizes=\"auto, (max-width: 566px) 100vw, 566px\" \/><\/figure>\n\n\n\n<figure class=\"wp-block-image size-large\"><img loading=\"lazy\" decoding=\"async\" width=\"566\" height=\"800\" data-id=\"15724\" src=\"https:\/\/www.pbpkrasnystaw.pl\/wp-content\/uploads\/2025\/03\/Regulamin-BIBLIOTEKI-aktalny-stan-na-03.2025-3-3-566x800.jpg\" alt=\"\" class=\"wp-image-15724\" srcset=\"https:\/\/www.pbpkrasnystaw.pl\/wp-content\/uploads\/2025\/03\/Regulamin-BIBLIOTEKI-aktalny-stan-na-03.2025-3-3-566x800.jpg 566w, https:\/\/www.pbpkrasnystaw.pl\/wp-content\/uploads\/2025\/03\/Regulamin-BIBLIOTEKI-aktalny-stan-na-03.2025-3-3-177x250.jpg 177w, https:\/\/www.pbpkrasnystaw.pl\/wp-content\/uploads\/2025\/03\/Regulamin-BIBLIOTEKI-aktalny-stan-na-03.2025-3-3-768x1086.jpg 768w, https:\/\/www.pbpkrasnystaw.pl\/wp-content\/uploads\/2025\/03\/Regulamin-BIBLIOTEKI-aktalny-stan-na-03.2025-3-3-1086x1536.jpg 1086w, https:\/\/www.pbpkrasnystaw.pl\/wp-content\/uploads\/2025\/03\/Regulamin-BIBLIOTEKI-aktalny-stan-na-03.2025-3-3-1448x2048.jpg 1448w, https:\/\/www.pbpkrasnystaw.pl\/wp-content\/uploads\/2025\/03\/Regulamin-BIBLIOTEKI-aktalny-stan-na-03.2025-3-3-1140x1612.jpg 1140w, https:\/\/www.pbpkrasnystaw.pl\/wp-content\/uploads\/2025\/03\/Regulamin-BIBLIOTEKI-aktalny-stan-na-03.2025-3-3.jpg 1654w\" sizes=\"auto, (max-width: 566px) 100vw, 566px\" \/><\/figure>\n\n\n\n<figure class=\"wp-block-image size-large\"><img loading=\"lazy\" decoding=\"async\" width=\"566\" height=\"800\" data-id=\"15727\" src=\"https:\/\/www.pbpkrasnystaw.pl\/wp-content\/uploads\/2025\/03\/Regulamin-BIBLIOTEKI-aktalny-stan-na-03.2025-4-3-566x800.jpg\" alt=\"\" class=\"wp-image-15727\" srcset=\"https:\/\/www.pbpkrasnystaw.pl\/wp-content\/uploads\/2025\/03\/Regulamin-BIBLIOTEKI-aktalny-stan-na-03.2025-4-3-566x800.jpg 566w, https:\/\/www.pbpkrasnystaw.pl\/wp-content\/uploads\/2025\/03\/Regulamin-BIBLIOTEKI-aktalny-stan-na-03.2025-4-3-177x250.jpg 177w, https:\/\/www.pbpkrasnystaw.pl\/wp-content\/uploads\/2025\/03\/Regulamin-BIBLIOTEKI-aktalny-stan-na-03.2025-4-3-768x1086.jpg 768w, https:\/\/www.pbpkrasnystaw.pl\/wp-content\/uploads\/2025\/03\/Regulamin-BIBLIOTEKI-aktalny-stan-na-03.2025-4-3-1086x1536.jpg 1086w, https:\/\/www.pbpkrasnystaw.pl\/wp-content\/uploads\/2025\/03\/Regulamin-BIBLIOTEKI-aktalny-stan-na-03.2025-4-3-1448x2048.jpg 1448w, https:\/\/www.pbpkrasnystaw.pl\/wp-content\/uploads\/2025\/03\/Regulamin-BIBLIOTEKI-aktalny-stan-na-03.2025-4-3-1140x1612.jpg 1140w, https:\/\/www.pbpkrasnystaw.pl\/wp-content\/uploads\/2025\/03\/Regulamin-BIBLIOTEKI-aktalny-stan-na-03.2025-4-3.jpg 1654w\" sizes=\"auto, (max-width: 566px) 100vw, 566px\" \/><\/figure>\n\n\n\n<figure class=\"wp-block-image size-large\"><img loading=\"lazy\" decoding=\"async\" width=\"566\" height=\"800\" data-id=\"15726\" src=\"https:\/\/www.pbpkrasnystaw.pl\/wp-content\/uploads\/2025\/03\/Regulamin-BIBLIOTEKI-aktalny-stan-na-03.2025-5-3-566x800.jpg\" alt=\"\" class=\"wp-image-15726\" srcset=\"https:\/\/www.pbpkrasnystaw.pl\/wp-content\/uploads\/2025\/03\/Regulamin-BIBLIOTEKI-aktalny-stan-na-03.2025-5-3-566x800.jpg 566w, https:\/\/www.pbpkrasnystaw.pl\/wp-content\/uploads\/2025\/03\/Regulamin-BIBLIOTEKI-aktalny-stan-na-03.2025-5-3-177x250.jpg 177w, https:\/\/www.pbpkrasnystaw.pl\/wp-content\/uploads\/2025\/03\/Regulamin-BIBLIOTEKI-aktalny-stan-na-03.2025-5-3-768x1086.jpg 768w, https:\/\/www.pbpkrasnystaw.pl\/wp-content\/uploads\/2025\/03\/Regulamin-BIBLIOTEKI-aktalny-stan-na-03.2025-5-3-1086x1536.jpg 1086w, https:\/\/www.pbpkrasnystaw.pl\/wp-content\/uploads\/2025\/03\/Regulamin-BIBLIOTEKI-aktalny-stan-na-03.2025-5-3-1448x2048.jpg 1448w, https:\/\/www.pbpkrasnystaw.pl\/wp-content\/uploads\/2025\/03\/Regulamin-BIBLIOTEKI-aktalny-stan-na-03.2025-5-3-1140x1612.jpg 1140w, https:\/\/www.pbpkrasnystaw.pl\/wp-content\/uploads\/2025\/03\/Regulamin-BIBLIOTEKI-aktalny-stan-na-03.2025-5-3.jpg 1654w\" sizes=\"auto, (max-width: 566px) 100vw, 566px\" \/><\/figure>\n\n\n\n<figure class=\"wp-block-image size-large\"><img loading=\"lazy\" decoding=\"async\" width=\"566\" height=\"800\" data-id=\"15723\" src=\"https:\/\/www.pbpkrasnystaw.pl\/wp-content\/uploads\/2025\/03\/Regulamin-BIBLIOTEKI-aktalny-stan-na-03.2025-6-3-566x800.jpg\" alt=\"\" class=\"wp-image-15723\" srcset=\"https:\/\/www.pbpkrasnystaw.pl\/wp-content\/uploads\/2025\/03\/Regulamin-BIBLIOTEKI-aktalny-stan-na-03.2025-6-3-566x800.jpg 566w, https:\/\/www.pbpkrasnystaw.pl\/wp-content\/uploads\/2025\/03\/Regulamin-BIBLIOTEKI-aktalny-stan-na-03.2025-6-3-177x250.jpg 177w, https:\/\/www.pbpkrasnystaw.pl\/wp-content\/uploads\/2025\/03\/Regulamin-BIBLIOTEKI-aktalny-stan-na-03.2025-6-3-768x1086.jpg 768w, https:\/\/www.pbpkrasnystaw.pl\/wp-content\/uploads\/2025\/03\/Regulamin-BIBLIOTEKI-aktalny-stan-na-03.2025-6-3-1086x1536.jpg 1086w, https:\/\/www.pbpkrasnystaw.pl\/wp-content\/uploads\/2025\/03\/Regulamin-BIBLIOTEKI-aktalny-stan-na-03.2025-6-3-1448x2048.jpg 1448w, https:\/\/www.pbpkrasnystaw.pl\/wp-content\/uploads\/2025\/03\/Regulamin-BIBLIOTEKI-aktalny-stan-na-03.2025-6-3-1140x1612.jpg 1140w, https:\/\/www.pbpkrasnystaw.pl\/wp-content\/uploads\/2025\/03\/Regulamin-BIBLIOTEKI-aktalny-stan-na-03.2025-6-3.jpg 1654w\" sizes=\"auto, (max-width: 566px) 100vw, 566px\" \/><\/figure>\n\n\n\n<figure class=\"wp-block-image size-large\"><img loading=\"lazy\" decoding=\"async\" width=\"566\" height=\"800\" data-id=\"15725\" src=\"https:\/\/www.pbpkrasnystaw.pl\/wp-content\/uploads\/2025\/03\/Regulamin-BIBLIOTEKI-aktalny-stan-na-03.2025-7-3-566x800.jpg\" alt=\"\" class=\"wp-image-15725\" srcset=\"https:\/\/www.pbpkrasnystaw.pl\/wp-content\/uploads\/2025\/03\/Regulamin-BIBLIOTEKI-aktalny-stan-na-03.2025-7-3-566x800.jpg 566w, https:\/\/www.pbpkrasnystaw.pl\/wp-content\/uploads\/2025\/03\/Regulamin-BIBLIOTEKI-aktalny-stan-na-03.2025-7-3-177x250.jpg 177w, https:\/\/www.pbpkrasnystaw.pl\/wp-content\/uploads\/2025\/03\/Regulamin-BIBLIOTEKI-aktalny-stan-na-03.2025-7-3-768x1086.jpg 768w, https:\/\/www.pbpkrasnystaw.pl\/wp-content\/uploads\/2025\/03\/Regulamin-BIBLIOTEKI-aktalny-stan-na-03.2025-7-3-1086x1536.jpg 1086w, https:\/\/www.pbpkrasnystaw.pl\/wp-content\/uploads\/2025\/03\/Regulamin-BIBLIOTEKI-aktalny-stan-na-03.2025-7-3-1448x2048.jpg 1448w, https:\/\/www.pbpkrasnystaw.pl\/wp-content\/uploads\/2025\/03\/Regulamin-BIBLIOTEKI-aktalny-stan-na-03.2025-7-3-1140x1612.jpg 1140w, https:\/\/www.pbpkrasnystaw.pl\/wp-content\/uploads\/2025\/03\/Regulamin-BIBLIOTEKI-aktalny-stan-na-03.2025-7-3.jpg 1654w\" sizes=\"auto, (max-width: 566px) 100vw, 566px\" \/><\/figure>\n\n\n\n<figure class=\"wp-block-image size-large\"><img loading=\"lazy\" decoding=\"async\" width=\"566\" height=\"800\" data-id=\"15722\" src=\"https:\/\/www.pbpkrasnystaw.pl\/wp-content\/uploads\/2025\/03\/Regulamin-BIBLIOTEKI-aktalny-stan-na-03.2025-8-3-566x800.jpg\" alt=\"\" class=\"wp-image-15722\" srcset=\"https:\/\/www.pbpkrasnystaw.pl\/wp-content\/uploads\/2025\/03\/Regulamin-BIBLIOTEKI-aktalny-stan-na-03.2025-8-3-566x800.jpg 566w, https:\/\/www.pbpkrasnystaw.pl\/wp-content\/uploads\/2025\/03\/Regulamin-BIBLIOTEKI-aktalny-stan-na-03.2025-8-3-177x250.jpg 177w, https:\/\/www.pbpkrasnystaw.pl\/wp-content\/uploads\/2025\/03\/Regulamin-BIBLIOTEKI-aktalny-stan-na-03.2025-8-3-768x1086.jpg 768w, https:\/\/www.pbpkrasnystaw.pl\/wp-content\/uploads\/2025\/03\/Regulamin-BIBLIOTEKI-aktalny-stan-na-03.2025-8-3-1086x1536.jpg 1086w, https:\/\/www.pbpkrasnystaw.pl\/wp-content\/uploads\/2025\/03\/Regulamin-BIBLIOTEKI-aktalny-stan-na-03.2025-8-3-1448x2048.jpg 1448w, https:\/\/www.pbpkrasnystaw.pl\/wp-content\/uploads\/2025\/03\/Regulamin-BIBLIOTEKI-aktalny-stan-na-03.2025-8-3-1140x1612.jpg 1140w, https:\/\/www.pbpkrasnystaw.pl\/wp-content\/uploads\/2025\/03\/Regulamin-BIBLIOTEKI-aktalny-stan-na-03.2025-8-3.jpg 1654w\" sizes=\"auto, (max-width: 566px) 100vw, 566px\" \/><\/figure>\n<\/figure>\n","protected":false},"excerpt":{"rendered":"<p>Czynna: poniedzia\u0142ek, wtorek, czwartek, pi\u0105tek\u00a0 9.00-17.00,\u00a0 \u015broda 9.00-16.00, w soboty nieczynna Starszy kustosz : Dorota Korkosz e-mail : wypozyczalnia@pbpkrasnystaw.pltel: 82 576 2509 \u2022 \u00a0 Dysponuje 12 miejscami dla czytelnik\u00f3w.\u2022\u00a0 Mog\u0105 z niej korzysta\u0107 wszyscy zainteresowani czytelnicy, tak\u017ce osoby nie zarejestrowane w Wypo\u017cyczalni. Czytelnia udost\u0119pnia na miejscu :\u2022\u00a0 \u00a0\u00a0\u00a0 \u00a0Ksi\u0119gozbi\u00f3r naukowy i popularnonaukowy z r\u00f3\u017cnych dziedzin wiedzy\u2022\u00a0 \u00a0\u00a0\u00a0 \u00a0Encyklopedie uniwersalne\u2022\u00a0 \u00a0\u00a0\u00a0 \u00a0Encyklopedie i s\u0142owniki dziedzinowe\u2022\u00a0 \u00a0\u00a0\u00a0 \u00a0S\u0142owniki j\u0119zykowe\u2022\u00a0 \u00a0\u00a0\u00a0 \u00a0Podr\u0119czniki akademickie\u2022\u00a0 \u00a0\u00a0\u00a0 \u00a0Publikacje dotycz\u0105ce Unii Europejskiej\u2022\u00a0 \u00a0\u00a0\u00a0 \u00a0Bibliografie\u2022\u00a0 \u00a0\u00a0\u00a0 \u00a0Informatory statystyczne\u2022\u00a0 \u00a0\u00a0\u00a0 \u00a0Monografie ze wszystkich dziedzin wiedzy\u2022\u00a0 \u00a0\u00a0\u00a0 \u00a0Albumy\u2022\u00a0 \u00a0\u00a0\u00a0 \u00a0Reprinty Czytelnia oferuje czasopisma, kt\u00f3re wypo\u017cyczamy do domu na dwa dni. Biblioteka Publiczna Biblioteka w Szkole Dziennik Wschodni Go\u015b\u0107 Niedzielny Nestor Nowy Tydzie\u0144. Powiat Krasnostawski Poradnik Bibliotekarza Poradnik Instytucji Kultury Super Tydzie\u0144 w Krasnymstawie Tygodnik Zamojski Wychowawca \u2022 Materia\u0142y repertuarowe \u2022 Teczki tematyczne \u2022 Zestawienia bibliograficzne \u2022 Lekcje biblioteczne dla uczni\u00f3w i grup zorganizowanych pod opiek\u0105 nauczyciela po uprzednim zg\u0142oszeniu \u2022\u00a0 Wypo\u017cyczanie mi\u0119dzybiblioteczne :W przypadku braku w Bibliotece jakiej\u015b pozycji, czytelnia sprowadza na zam\u00f3wienie czytelnika potrzebne ksi\u0105\u017cki z innych bibliotek w kraju. Zamawiaj\u0105cy ponosi koszt przesy\u0142ek. Us\u0142ugi informacyjne \u015bwiadczone na rzecz u\u017cytkownik\u00f3w : &#8211; Pomoc w poszukiwaniu pi\u015bmiennictwa na okre\u015blony temat&#8211; Uzyskiwanie wiadomo\u015bci dotycz\u0105cych fakt\u00f3w historycznych, wydarze\u0144 literackich, politycznych&#8211; Udzielanie indywidualnych informacji bibliotecznych, bibliograficznych, rzeczowych, tekstowych&#8211; Udzielanie rzeczowej i bibliograficznej informacji o regionie&#8211; Uzupe\u0142nianie brakuj\u0105cych danych bibliograficznych ksi\u0105\u017cek i czasopism&#8211; Szkolenie u\u017cytkownik\u00f3w informacji i czytelnik\u00f3w nt. zasad korzystania ze zbior\u00f3w bibliotecznych, umiej\u0119tno\u015bci pos\u0142ugiwania si\u0119 katalogami, bibliografiami, bazami komputerowymi. \u00a0<\/p>\n","protected":false},"author":2,"featured_media":0,"parent":0,"menu_order":34,"comment_status":"closed","ping_status":"open","template":"onecolumn-page.php","meta":{"footnotes":""},"class_list":["post-45","page","type-page","status-publish","hentry"],"_links":{"self":[{"href":"https:\/\/www.pbpkrasnystaw.pl\/index.php?rest_route=\/wp\/v2\/pages\/45","targetHints":{"allow":["GET"]}}],"collection":[{"href":"https:\/\/www.pbpkrasnystaw.pl\/index.php?rest_route=\/wp\/v2\/pages"}],"about":[{"href":"https:\/\/www.pbpkrasnystaw.pl\/index.php?rest_route=\/wp\/v2\/types\/page"}],"author":[{"embeddable":true,"href":"https:\/\/www.pbpkrasnystaw.pl\/index.php?rest_route=\/wp\/v2\/users\/2"}],"replies":[{"embeddable":true,"href":"https:\/\/www.pbpkrasnystaw.pl\/index.php?rest_route=%2Fwp%2Fv2%2Fcomments&post=45"}],"version-history":[{"count":17,"href":"https:\/\/www.pbpkrasnystaw.pl\/index.php?rest_route=\/wp\/v2\/pages\/45\/revisions"}],"predecessor-version":[{"id":15729,"href":"https:\/\/www.pbpkrasnystaw.pl\/index.php?rest_route=\/wp\/v2\/pages\/45\/revisions\/15729"}],"wp:attachment":[{"href":"https:\/\/www.pbpkrasnystaw.pl\/index.php?rest_route=%2Fwp%2Fv2%2Fmedia&parent=45"}],"curies":[{"name":"wp","href":"https:\/\/api.w.org\/{rel}","templated":true}]}}