{"id":5,"date":"2010-08-02T02:11:47","date_gmt":"2010-04-17T08:59:15","guid":{"rendered":"http:\/\/www.pbpkrasnystaw.pl\/?page_id=5"},"modified":"2024-08-19T14:23:59","modified_gmt":"2024-08-19T12:23:59","slug":"o-bibliotece","status":"publish","type":"page","link":"https:\/\/www.pbpkrasnystaw.pl\/?page_id=5","title":{"rendered":"O bibliotece"},"content":{"rendered":"<p style=\"text-align: justify;\">Witamy Pa\u0144stwa na stronach internetowych Powiatowej Biblioteki Publicznej w Krasnymstawie, zapraszamy do Biblioteki&nbsp; i skorzystania z jej us\u0142ug.<\/p>\n<p style=\"text-align: left;\">&nbsp;<\/p>\n<p style=\"text-align: center;\"><img loading=\"lazy\" decoding=\"async\" class=\"alignnone size-full wp-image-1207\" title=\"Budynek\" src=\"https:\/\/www.pbpkrasnystaw.pl\/wp-content\/uploads\/2010\/04\/PBP-Wejscie_MG_9161.jpg\" alt=\"\" width=\"400\" height=\"321\" srcset=\"https:\/\/www.pbpkrasnystaw.pl\/wp-content\/uploads\/2010\/04\/PBP-Wejscie_MG_9161.jpg 400w, https:\/\/www.pbpkrasnystaw.pl\/wp-content\/uploads\/2010\/04\/PBP-Wejscie_MG_9161-300x240.jpg 300w\" sizes=\"auto, (max-width: 400px) 100vw, 400px\" \/><\/p>\n<p>Biblioteka dysponuje bogatymi zbiorami, wykszta\u0142con\u0105 i wykwalifikowan\u0105 kadr\u0105 oraz zapewnia profesjonaln\u0105 obs\u0142ug\u0119 u\u017cytkownik\u00f3w.<\/p>\n<p>&nbsp;<\/p>\n<p><strong>POWIATOWA BIBLIOTEKA PUBLICZNA W KRASNYMSTAWIE<\/strong><\/p>\n<p><strong>Dyrektor: <\/strong>El\u017cbieta Patyk<br \/>\n<strong>Rok za\u0142o\u017cenia: <\/strong>2000<br \/>\n<strong>Adres: <\/strong>ul. Pi\u0142sudskiego 5a, 22-300 Krasnystaw<\/p>\n<p><strong>strona www<\/strong>: www.pbpkrasnystaw.pl<\/p>\n<p class=\"godzinyotwarcia\"><strong>KONTAKT<\/strong><br \/>\n<strong>Dyrektor, ksi\u0119gowa <\/strong><br \/>\ne-mail:<\/p>\n<p class=\"godzinyotwarcia\">biblioteka@pbpkrasnystaw.pl<\/p>\n<p class=\"godzinyotwarcia\">dyrektor@pbpkrasnystaw.pl<\/p>\n<p class=\"godzinyotwarcia\">Tel. <span class=\"skype_c2c_print_container notranslate\">82 546 19 28<\/span><span id=\"skype_c2c_container\" class=\"skype_c2c_container notranslate\" dir=\"ltr\"><span class=\"skype_c2c_highlighting_inactive_common\" dir=\"ltr\"><span id=\"non_free_num_ui\" class=\"skype_c2c_textarea_span\"><img loading=\"lazy\" decoding=\"async\" class=\"skype_c2c_logo_img\" src=\"resource:\/\/skype_ff_extension-at-jetpack\/skype_ff_extension\/data\/call_skype_logo.png\" alt=\"\" width=\"0\" height=\"0\"> <\/span><\/span><\/span><\/p>\n<p><strong>Gromadzenie<\/strong><br \/>\ne-mail: iwona.gruszczynska@pbpkrasnystaw.pl<\/p>\n<p>Tel. <span class=\"skype_c2c_print_container notranslate\">82 576 25 09<\/span><\/p>\n<p><strong>Wypo\u017cyczalnia, Czytelnia, Instruktor<\/strong><br \/>\ne-mail: wypozyczalnia@pbpkrasnystaw.pl<br \/>\nTel. <span class=\"skype_c2c_print_container notranslate\">82 576 25 09<\/span><span id=\"skype_c2c_container\" class=\"skype_c2c_container notranslate\" dir=\"ltr\"><span class=\"skype_c2c_highlighting_inactive_common\" dir=\"ltr\"><span id=\"non_free_num_ui\" class=\"skype_c2c_textarea_span\"><img loading=\"lazy\" decoding=\"async\" class=\"skype_c2c_logo_img\" src=\"resource:\/\/skype_ff_extension-at-jetpack\/skype_ff_extension\/data\/call_skype_logo.png\" alt=\"\" width=\"0\" height=\"0\"> <\/span><\/span><\/span><\/p>\n<p><strong><br \/>\nNIP : <\/strong> <strong>564-15-99-269<\/strong>&nbsp;&nbsp; &nbsp;<strong>Regon : 110273030<\/strong><\/p>\n<p><strong>Zapraszamy:<br \/>\nod poniedzia\u0142ku do pi\u0105tku w godz. 9.00 &#8211; 17.00, w soboty w godz. 8.00 &#8211; 13.00<\/strong><\/p>\n<p style=\"text-align: center;\"><img loading=\"lazy\" decoding=\"async\" class=\"aligncenter size-full wp-image-1193\" title=\"Mapka lokalizacji Biblioteki\" src=\"https:\/\/www.pbpkrasnystaw.pl\/wp-content\/uploads\/2010\/07\/MapkaPBPv2.png\" alt=\"\" width=\"503\" height=\"502\" srcset=\"https:\/\/www.pbpkrasnystaw.pl\/wp-content\/uploads\/2010\/07\/MapkaPBPv2.png 503w, https:\/\/www.pbpkrasnystaw.pl\/wp-content\/uploads\/2010\/07\/MapkaPBPv2-150x150.png 150w, https:\/\/www.pbpkrasnystaw.pl\/wp-content\/uploads\/2010\/07\/MapkaPBPv2-300x300.png 300w\" sizes=\"auto, (max-width: 503px) 100vw, 503px\" \/><\/p>\n<p style=\"text-align: center;\">&nbsp;<\/p>\n<p style=\"text-align: center;\">&nbsp;<\/p>\n<p>&nbsp;<\/p>\n<div id=\"skype_c2c_menu_container\" class=\"skype_c2c_menu_container notranslate\" style=\"left: 2px; top: 623px; display: none;\">\n<div class=\"skype_c2c_menu_click2call\"><a id=\"skype_c2c_menu_click2call_action\" class=\"skype_c2c_menu_click2call_action\" href=\"+48825761928?call&amp;origin=%7B'agent'%3A'FFTB%2F7.3.16540.9015'%2C'browser'%3A'mozilla%2F36.0'%2C'fingerprint'%3A'%7B366A439E-E119-4C91-B881-24E8533186A0%7D'%2C'uiid'%3A'0'%2C'number_type'%3A'SPNR'%2C'url'%3A'http%3A%2F%2Fwww.pbpkrasnystaw.pl%2Fwp-admin%2Fpost.php'%7D\" target=\"_self\" rel=\"noopener noreferrer\">Call<\/a><\/div>\n<div class=\"skype_c2c_menu_click2sms\"><a id=\"skype_c2c_menu_click2sms_action\" class=\"skype_c2c_menu_click2sms_action\" href=\"+48825761928?sms&amp;origin=%7B'agent'%3A'FFTB%2F7.3.16540.9015'%2C'browser'%3A'mozilla%2F36.0'%2C'fingerprint'%3A'%7B366A439E-E119-4C91-B881-24E8533186A0%7D'%2C'uiid'%3A'0'%2C'number_type'%3A'SPNR'%2C'url'%3A'http%3A%2F%2Fwww.pbpkrasnystaw.pl%2Fwp-admin%2Fpost.php'%7D\" target=\"_self\" rel=\"noopener noreferrer\">Send SMS<\/a><\/div>\n<div class=\"skype_c2c_menu_add2skype\"><a id=\"skype_c2c_menu_add2skype_text\" class=\"skype_c2c_menu_add2skype_text\" href=\"+48825761928?add&amp;origin=%7B'agent'%3A'FFTB%2F7.3.16540.9015'%2C'browser'%3A'mozilla%2F36.0'%2C'fingerprint'%3A'%7B366A439E-E119-4C91-B881-24E8533186A0%7D'%2C'uiid'%3A'0'%2C'number_type'%3A'SPNR'%2C'url'%3A'http%3A%2F%2Fwww.pbpkrasnystaw.pl%2Fwp-admin%2Fpost.php'%7D\" target=\"_self\" rel=\"noopener noreferrer\">Add to Skype<\/a><\/div>\n<div class=\"skype_c2c_menu_toll_info\"><span class=\"skype_c2c_menu_toll_callcredit\">You&#8217;ll need Skype Credit<\/span><span class=\"skype_c2c_menu_toll_free\">Free via Skype<\/span><\/div>\n<\/div>\n","protected":false},"excerpt":{"rendered":"<p>Witamy Pa\u0144stwa na stronach internetowych Powiatowej Biblioteki Publicznej w Krasnymstawie, zapraszamy do Biblioteki&nbsp; i skorzystania z jej us\u0142ug. &nbsp; Biblioteka dysponuje bogatymi zbiorami, wykszta\u0142con\u0105 i wykwalifikowan\u0105 kadr\u0105 oraz zapewnia profesjonaln\u0105 obs\u0142ug\u0119 u\u017cytkownik\u00f3w. &nbsp; POWIATOWA BIBLIOTEKA PUBLICZNA W KRASNYMSTAWIE Dyrektor: El\u017cbieta Patyk Rok za\u0142o\u017cenia: 2000 Adres: ul. Pi\u0142sudskiego 5a, 22-300 Krasnystaw strona www: www.pbpkrasnystaw.pl KONTAKT Dyrektor, ksi\u0119gowa e-mail: biblioteka@pbpkrasnystaw.pl dyrektor@pbpkrasnystaw.pl Tel. 82 546 19 28 Gromadzenie e-mail: iwona.gruszczynska@pbpkrasnystaw.pl Tel. 82 576 25 09 Wypo\u017cyczalnia, Czytelnia, Instruktor e-mail: wypozyczalnia@pbpkrasnystaw.pl Tel. 82 576 25 09 NIP : 564-15-99-269&nbsp;&nbsp; &nbsp;Regon : 110273030 Zapraszamy: od poniedzia\u0142ku do pi\u0105tku w godz. 9.00 &#8211; 17.00, w soboty w godz. 8.00 &#8211; 13.00 &nbsp; &nbsp; &nbsp; Call Send SMS Add to Skype You&#8217;ll need Skype CreditFree via Skype<\/p>\n","protected":false},"author":2,"featured_media":0,"parent":0,"menu_order":48,"comment_status":"closed","ping_status":"closed","template":"onecolumn-page.php","meta":{"footnotes":""},"class_list":["post-5","page","type-page","status-publish","hentry"],"_links":{"self":[{"href":"https:\/\/www.pbpkrasnystaw.pl\/index.php?rest_route=\/wp\/v2\/pages\/5","targetHints":{"allow":["GET"]}}],"collection":[{"href":"https:\/\/www.pbpkrasnystaw.pl\/index.php?rest_route=\/wp\/v2\/pages"}],"about":[{"href":"https:\/\/www.pbpkrasnystaw.pl\/index.php?rest_route=\/wp\/v2\/types\/page"}],"author":[{"embeddable":true,"href":"https:\/\/www.pbpkrasnystaw.pl\/index.php?rest_route=\/wp\/v2\/users\/2"}],"replies":[{"embeddable":true,"href":"https:\/\/www.pbpkrasnystaw.pl\/index.php?rest_route=%2Fwp%2Fv2%2Fcomments&post=5"}],"version-history":[{"count":9,"href":"https:\/\/www.pbpkrasnystaw.pl\/index.php?rest_route=\/wp\/v2\/pages\/5\/revisions"}],"predecessor-version":[{"id":13613,"href":"https:\/\/www.pbpkrasnystaw.pl\/index.php?rest_route=\/wp\/v2\/pages\/5\/revisions\/13613"}],"wp:attachment":[{"href":"https:\/\/www.pbpkrasnystaw.pl\/index.php?rest_route=%2Fwp%2Fv2%2Fmedia&parent=5"}],"curies":[{"name":"wp","href":"https:\/\/api.w.org\/{rel}","templated":true}]}}