{"id":53,"date":"2011-03-10T14:07:21","date_gmt":"2010-04-17T12:56:03","guid":{"rendered":"http:\/\/www.pbpkrasnystaw.pl\/?page_id=53"},"modified":"2024-08-19T09:10:39","modified_gmt":"2024-08-19T07:10:39","slug":"struktura-zbiorow","status":"publish","type":"page","link":"https:\/\/www.pbpkrasnystaw.pl\/?page_id=53","title":{"rendered":"Struktura zbior\u00f3w"},"content":{"rendered":"<p style=\"text-align: justify;\">Biblioteka gromadzi ksi\u0105\u017cki s\u0142u\u017c\u0105ce rozwojowi czytelnictwa, zaspokajaniu potrzeb informacyjnych, edukacyjnych, samokszta\u0142ceniowych.<\/p>\n<p style=\"text-align: justify;\">Biblioteka udost\u0119pnia ksi\u0105\u017cki ze wszystkich dziedzin wiedzy :<br \/>\n\u2022&nbsp;&nbsp; &nbsp;Nauk humanistycznych<br \/>\n\u2022&nbsp;&nbsp; &nbsp;Nauk spo\u0142ecznych, politycznych, prawnych i ekonomicznych<br \/>\n\u2022 Pedagogiki (og\u00f3lnej, spo\u0142ecznej, specjalnej, metodyki wychowania, dydaktyki og\u00f3lnej i szczeg\u00f3\u0142owej)<br \/>\n\u2022&nbsp;&nbsp; &nbsp;Organizacji i zarz\u0105dzanie plac\u00f3wkami oraz instytucjami o\u015bwiatowymi<br \/>\n\u2022&nbsp;&nbsp; &nbsp;Metodyk nauczania<br \/>\n\u2022&nbsp;&nbsp; &nbsp;Psychologii i socjologii<br \/>\n\u2022&nbsp;&nbsp; Bibliotekoznawstwa i informacji naukowej, czytelnictwa oraz metodyki pracy z czytelnikiem<\/p>\n<p style=\"text-align: justify;\">Zbiory :<br \/>\n1.&nbsp;&nbsp; &nbsp;Ksi\u0119gozbi\u00f3r (stan na 31.03.2023) liczy 30388 wolumin\u00f3w, w tym :<br \/>\n\u2022&nbsp;&nbsp; &nbsp;Literatura naukowa i popularnonaukowa &#8211; 54 % zbior\u00f3w,<br \/>\n\u2022&nbsp;&nbsp; Literatura pi\u0119kna polska i obca, literatura dla dzieci i m\u0142odzie\u017cy, literatura w j\u0119zyku angielskim, francuskim, rosyjskim &#8211; 41 % zbior\u00f3w,<\/p>\n<p>\u2022 Regionalia &#8211; 5 %<\/p>\n<p>2.&nbsp; Audiobooki: 232<\/p>\n<p style=\"text-align: justify;\">3. Czasopisma bie\u017c\u0105ce &#8211; 38 tytu\u0142\u00f3w<\/p>\n<p>Gromadz\u0105c zbiory Biblioteka uwzgl\u0119dnia :<br \/>\n\u2022&nbsp;&nbsp; &nbsp;Staranny dob\u00f3r w kompletowaniu kolekcji<br \/>\n\u2022&nbsp;&nbsp; &nbsp;Preferencje czytelnik\u00f3w<br \/>\n\u2022&nbsp;&nbsp; &nbsp;Konieczno\u015b\u0107 spe\u0142niania powinno\u015bci edukacyjnych i informacyjnych<\/p>\n<p>Katalog elektroniczny&nbsp; &#8211; dost\u0119pny przez Internet na stronie www.pbpkrasnystaw.pl<\/p>\n<p>&nbsp;<\/p>\n<p>&nbsp;<\/p>\n<p>&nbsp;<\/p>\n","protected":false},"excerpt":{"rendered":"<p>Biblioteka gromadzi ksi\u0105\u017cki s\u0142u\u017c\u0105ce rozwojowi czytelnictwa, zaspokajaniu potrzeb informacyjnych, edukacyjnych, samokszta\u0142ceniowych. Biblioteka udost\u0119pnia ksi\u0105\u017cki ze wszystkich dziedzin wiedzy : \u2022&nbsp;&nbsp; &nbsp;Nauk humanistycznych \u2022&nbsp;&nbsp; &nbsp;Nauk spo\u0142ecznych, politycznych, prawnych i ekonomicznych \u2022 Pedagogiki (og\u00f3lnej, spo\u0142ecznej, specjalnej, metodyki wychowania, dydaktyki og\u00f3lnej i szczeg\u00f3\u0142owej) \u2022&nbsp;&nbsp; &nbsp;Organizacji i zarz\u0105dzanie plac\u00f3wkami oraz instytucjami o\u015bwiatowymi \u2022&nbsp;&nbsp; &nbsp;Metodyk nauczania \u2022&nbsp;&nbsp; &nbsp;Psychologii i socjologii \u2022&nbsp;&nbsp; Bibliotekoznawstwa i informacji naukowej, czytelnictwa oraz metodyki pracy z czytelnikiem Zbiory : 1.&nbsp;&nbsp; &nbsp;Ksi\u0119gozbi\u00f3r (stan na 31.03.2023) liczy 30388 wolumin\u00f3w, w tym : \u2022&nbsp;&nbsp; &nbsp;Literatura naukowa i popularnonaukowa &#8211; 54 % zbior\u00f3w, \u2022&nbsp;&nbsp; Literatura pi\u0119kna polska i obca, literatura dla dzieci i m\u0142odzie\u017cy, literatura w j\u0119zyku angielskim, francuskim, rosyjskim &#8211; 41 % zbior\u00f3w, \u2022 Regionalia &#8211; 5 % 2.&nbsp; Audiobooki: 232 3. Czasopisma bie\u017c\u0105ce &#8211; 38 tytu\u0142\u00f3w Gromadz\u0105c zbiory Biblioteka uwzgl\u0119dnia : \u2022&nbsp;&nbsp; &nbsp;Staranny dob\u00f3r w kompletowaniu kolekcji \u2022&nbsp;&nbsp; &nbsp;Preferencje czytelnik\u00f3w \u2022&nbsp;&nbsp; &nbsp;Konieczno\u015b\u0107 spe\u0142niania powinno\u015bci edukacyjnych i informacyjnych Katalog elektroniczny&nbsp; &#8211; dost\u0119pny przez Internet na stronie www.pbpkrasnystaw.pl &nbsp; &nbsp; &nbsp;<\/p>\n","protected":false},"author":2,"featured_media":0,"parent":10,"menu_order":3,"comment_status":"closed","ping_status":"closed","template":"onecolumn-page.php","meta":{"footnotes":""},"class_list":["post-53","page","type-page","status-publish","hentry"],"_links":{"self":[{"href":"https:\/\/www.pbpkrasnystaw.pl\/index.php?rest_route=\/wp\/v2\/pages\/53","targetHints":{"allow":["GET"]}}],"collection":[{"href":"https:\/\/www.pbpkrasnystaw.pl\/index.php?rest_route=\/wp\/v2\/pages"}],"about":[{"href":"https:\/\/www.pbpkrasnystaw.pl\/index.php?rest_route=\/wp\/v2\/types\/page"}],"author":[{"embeddable":true,"href":"https:\/\/www.pbpkrasnystaw.pl\/index.php?rest_route=\/wp\/v2\/users\/2"}],"replies":[{"embeddable":true,"href":"https:\/\/www.pbpkrasnystaw.pl\/index.php?rest_route=%2Fwp%2Fv2%2Fcomments&post=53"}],"version-history":[{"count":8,"href":"https:\/\/www.pbpkrasnystaw.pl\/index.php?rest_route=\/wp\/v2\/pages\/53\/revisions"}],"predecessor-version":[{"id":13553,"href":"https:\/\/www.pbpkrasnystaw.pl\/index.php?rest_route=\/wp\/v2\/pages\/53\/revisions\/13553"}],"up":[{"embeddable":true,"href":"https:\/\/www.pbpkrasnystaw.pl\/index.php?rest_route=\/wp\/v2\/pages\/10"}],"wp:attachment":[{"href":"https:\/\/www.pbpkrasnystaw.pl\/index.php?rest_route=%2Fwp%2Fv2%2Fmedia&parent=53"}],"curies":[{"name":"wp","href":"https:\/\/api.w.org\/{rel}","templated":true}]}}