{"id":6421,"date":"2019-08-01T10:42:35","date_gmt":"2019-08-01T08:42:35","guid":{"rendered":"http:\/\/www.pbpkrasnystaw.pl\/?page_id=6421"},"modified":"2025-06-17T08:49:08","modified_gmt":"2025-06-17T06:49:08","slug":"nowosci","status":"publish","type":"page","link":"https:\/\/www.pbpkrasnystaw.pl\/?page_id=6421","title":{"rendered":"Nowo\u015bci"},"content":{"rendered":"\n<p>Nowo\u015bci umieszczane s\u0105:<\/p>\n\n\n\n<ul class=\"wp-block-list\">\n<li>na stronie internetowej biblioteki\u00a0 <a href=\"https:\/\/www.pbpkrasnystaw.pl\">www.pbpkrasnystaw.pl<\/a>\u00a0<\/li>\n<\/ul>\n\n\n\n<p><\/p>\n\n\n\n<ul class=\"wp-block-list\">\n<li>na Facebooku <\/li>\n<\/ul>\n\n\n\n<p><a href=\"https:\/\/www.facebook.com\/profile.php?id=100064581860825\">https:\/\/www.facebook.com\/profile.php?id=100064581860825<\/a><\/p>\n\n\n\n<ul class=\"wp-block-list\">\n<li>w katalogu biblioteki <\/li>\n<\/ul>\n\n\n\n<p><a href=\"https:\/\/omnis-krasnicki-krasnostawski.primo.exlibrisgroup.com\/discovery\/search?vid=48OMNIS_KRA:KRA_4\">https:\/\/omnis-krasnicki-krasnostawski.primo.exlibrisgroup.com\/discovery\/search?vid=48OMNIS_KRA:KRA_4<\/a><\/p>\n\n\n\n<p><\/p>\n\n\n\n<p><strong>Ksi\u0105\u017cki mo\u017cna zamawia\u0107 poprzez swoje konto czytelnika w katalogu biblioteki.&nbsp; Zapraszamy do lektury!<\/strong><\/p>\n\n\n\n<p><\/p>\n","protected":false},"excerpt":{"rendered":"<p>Nowo\u015bci umieszczane s\u0105: https:\/\/www.facebook.com\/profile.php?id=100064581860825 https:\/\/omnis-krasnicki-krasnostawski.primo.exlibrisgroup.com\/discovery\/search?vid=48OMNIS_KRA:KRA_4 Ksi\u0105\u017cki mo\u017cna zamawia\u0107 poprzez swoje konto czytelnika w katalogu biblioteki.&nbsp; Zapraszamy do lektury!<\/p>\n","protected":false},"author":2,"featured_media":0,"parent":10,"menu_order":0,"comment_status":"closed","ping_status":"closed","template":"","meta":{"footnotes":""},"class_list":["post-6421","page","type-page","status-publish","hentry"],"_links":{"self":[{"href":"https:\/\/www.pbpkrasnystaw.pl\/index.php?rest_route=\/wp\/v2\/pages\/6421","targetHints":{"allow":["GET"]}}],"collection":[{"href":"https:\/\/www.pbpkrasnystaw.pl\/index.php?rest_route=\/wp\/v2\/pages"}],"about":[{"href":"https:\/\/www.pbpkrasnystaw.pl\/index.php?rest_route=\/wp\/v2\/types\/page"}],"author":[{"embeddable":true,"href":"https:\/\/www.pbpkrasnystaw.pl\/index.php?rest_route=\/wp\/v2\/users\/2"}],"replies":[{"embeddable":true,"href":"https:\/\/www.pbpkrasnystaw.pl\/index.php?rest_route=%2Fwp%2Fv2%2Fcomments&post=6421"}],"version-history":[{"count":11,"href":"https:\/\/www.pbpkrasnystaw.pl\/index.php?rest_route=\/wp\/v2\/pages\/6421\/revisions"}],"predecessor-version":[{"id":17334,"href":"https:\/\/www.pbpkrasnystaw.pl\/index.php?rest_route=\/wp\/v2\/pages\/6421\/revisions\/17334"}],"up":[{"embeddable":true,"href":"https:\/\/www.pbpkrasnystaw.pl\/index.php?rest_route=\/wp\/v2\/pages\/10"}],"wp:attachment":[{"href":"https:\/\/www.pbpkrasnystaw.pl\/index.php?rest_route=%2Fwp%2Fv2%2Fmedia&parent=6421"}],"curies":[{"name":"wp","href":"https:\/\/api.w.org\/{rel}","templated":true}]}}